{"id":1793,"date":"2025-08-05T08:44:52","date_gmt":"2025-08-05T08:44:52","guid":{"rendered":"http:\/\/lasteturva.ee\/?page_id=1793"},"modified":"2025-08-21T12:33:57","modified_gmt":"2025-08-21T12:33:57","slug":"dokumendid","status":"publish","type":"page","link":"https:\/\/lasteturva.ee\/?page_id=1793","title":{"rendered":"Dokumendid"},"content":{"rendered":"\t\t<div data-elementor-type=\"wp-page\" data-elementor-id=\"1793\" class=\"elementor elementor-1793\">\n\t\t\t\t\t\t<section class=\"elementor-section elementor-top-section elementor-element elementor-element-16a9098d elementor-section-full_width elementor-section-height-default elementor-section-height-default\" data-id=\"16a9098d\" data-element_type=\"section\" data-e-type=\"section\" data-settings=\"{&quot;background_background&quot;:&quot;classic&quot;,&quot;shape_divider_top&quot;:&quot;opacity-tilt&quot;,&quot;shape_divider_bottom&quot;:&quot;wave-brush&quot;}\">\n\t\t\t\t\t<div class=\"elementor-shape elementor-shape-top\" aria-hidden=\"true\" data-negative=\"false\">\n\t\t\t<svg xmlns=\"http:\/\/www.w3.org\/2000\/svg\" viewBox=\"0 0 2600 131.1\" preserveAspectRatio=\"none\">\n\t<path class=\"elementor-shape-fill\" d=\"M0 0L2600 0 2600 69.1 0 0z\"\/>\n\t<path class=\"elementor-shape-fill\" style=\"opacity:0.5\" d=\"M0 0L2600 0 2600 69.1 0 69.1z\"\/>\n\t<path class=\"elementor-shape-fill\" style=\"opacity:0.25\" d=\"M2600 0L0 0 0 130.1 2600 69.1z\"\/>\n<\/svg>\t\t<\/div>\n\t\t\t\t<div class=\"elementor-shape elementor-shape-bottom\" aria-hidden=\"true\" data-negative=\"false\">\n\t\t\t<svg xmlns=\"http:\/\/www.w3.org\/2000\/svg\" viewBox=\"0 0 283.5 27.8\" preserveAspectRatio=\"none\">\n\t<path class=\"elementor-shape-fill\" d=\"M283.5,9.7c0,0-7.3,4.3-14,4.6c-6.8,0.3-12.6,0-20.9-1.5c-11.3-2-33.1-10.1-44.7-5.7\ts-12.1,4.6-18,7.4c-6.6,3.2-20,9.6-36.6,9.3C131.6,23.5,99.5,7.2,86.3,8c-1.4,0.1-6.6,0.8-10.5,2c-3.8,1.2-9.4,3.8-17,4.7\tc-3.2,0.4-8.3,1.1-14.2,0.9c-1.5-0.1-6.3-0.4-12-1.6c-5.7-1.2-11-3.1-15.8-3.7C6.5,9.2,0,10.8,0,10.8V0h283.5V9.7z M260.8,11.3\tc-0.7-1-2-0.4-4.3-0.4c-2.3,0-6.1-1.2-5.8-1.1c0.3,0.1,3.1,1.5,6,1.9C259.7,12.2,261.4,12.3,260.8,11.3z M242.4,8.6\tc0,0-2.4-0.2-5.6-0.9c-3.2-0.8-10.3-2.8-15.1-3.5c-8.2-1.1-15.8,0-15.1,0.1c0.8,0.1,9.6-0.6,17.6,1.1c3.3,0.7,9.3,2.2,12.4,2.7\tC239.9,8.7,242.4,8.6,242.4,8.6z M185.2,8.5c1.7-0.7-13.3,4.7-18.5,6.1c-2.1,0.6-6.2,1.6-10,2c-3.9,0.4-8.9,0.4-8.8,0.5\tc0,0.2,5.8,0.8,11.2,0c5.4-0.8,5.2-1.1,7.6-1.6C170.5,14.7,183.5,9.2,185.2,8.5z M199.1,6.9c0.2,0-0.8-0.4-4.8,1.1\tc-4,1.5-6.7,3.5-6.9,3.7c-0.2,0.1,3.5-1.8,6.6-3C197,7.5,199,6.9,199.1,6.9z M283,6c-0.1,0.1-1.9,1.1-4.8,2.5s-6.9,2.8-6.7,2.7\tc0.2,0,3.5-0.6,7.4-2.5C282.8,6.8,283.1,5.9,283,6z M31.3,11.6c0.1-0.2-1.9-0.2-4.5-1.2s-5.4-1.6-7.8-2C15,7.6,7.3,8.5,7.7,8.6\tC8,8.7,15.9,8.3,20.2,9.3c2.2,0.5,2.4,0.5,5.7,1.6S31.2,11.9,31.3,11.6z M73,9.2c0.4-0.1,3.5-1.6,8.4-2.6c4.9-1.1,8.9-0.5,8.9-0.8\tc0-0.3-1-0.9-6.2-0.3S72.6,9.3,73,9.2z M71.6,6.7C71.8,6.8,75,5.4,77.3,5c2.3-0.3,1.9-0.5,1.9-0.6c0-0.1-1.1-0.2-2.7,0.2\tC74.8,5.1,71.4,6.6,71.6,6.7z M93.6,4.4c0.1,0.2,3.5,0.8,5.6,1.8c2.1,1,1.8,0.6,1.9,0.5c0.1-0.1-0.8-0.8-2.4-1.3\tC97.1,4.8,93.5,4.2,93.6,4.4z M65.4,11.1c-0.1,0.3,0.3,0.5,1.9-0.2s2.6-1.3,2.2-1.2s-0.9,0.4-2.5,0.8C65.3,10.9,65.5,10.8,65.4,11.1\tz M34.5,12.4c-0.2,0,2.1,0.8,3.3,0.9c1.2,0.1,2,0.1,2-0.2c0-0.3-0.1-0.5-1.6-0.4C36.6,12.8,34.7,12.4,34.5,12.4z M152.2,21.1\tc-0.1,0.1-2.4-0.3-7.5-0.3c-5,0-13.6-2.4-17.2-3.5c-3.6-1.1,10,3.9,16.5,4.1C150.5,21.6,152.3,21,152.2,21.1z\"\/>\n\t<path class=\"elementor-shape-fill\" d=\"M269.6,18c-0.1-0.1-4.6,0.3-7.2,0c-7.3-0.7-17-3.2-16.6-2.9c0.4,0.3,13.7,3.1,17,3.3\tC267.7,18.8,269.7,18,269.6,18z\"\/>\n\t<path class=\"elementor-shape-fill\" d=\"M227.4,9.8c-0.2-0.1-4.5-1-9.5-1.2c-5-0.2-12.7,0.6-12.3,0.5c0.3-0.1,5.9-1.8,13.3-1.2\tS227.6,9.9,227.4,9.8z\"\/>\n\t<path class=\"elementor-shape-fill\" d=\"M204.5,13.4c-0.1-0.1,2-1,3.2-1.1c1.2-0.1,2,0,2,0.3c0,0.3-0.1,0.5-1.6,0.4\tC206.4,12.9,204.6,13.5,204.5,13.4z\"\/>\n\t<path class=\"elementor-shape-fill\" d=\"M201,10.6c0-0.1-4.4,1.2-6.3,2.2c-1.9,0.9-6.2,3.1-6.1,3.1c0.1,0.1,4.2-1.6,6.3-2.6\tS201,10.7,201,10.6z\"\/>\n\t<path class=\"elementor-shape-fill\" d=\"M154.5,26.7c-0.1-0.1-4.6,0.3-7.2,0c-7.3-0.7-17-3.2-16.6-2.9c0.4,0.3,13.7,3.1,17,3.3\tC152.6,27.5,154.6,26.8,154.5,26.7z\"\/>\n\t<path class=\"elementor-shape-fill\" d=\"M41.9,19.3c0,0,1.2-0.3,2.9-0.1c1.7,0.2,5.8,0.9,8.2,0.7c4.2-0.4,7.4-2.7,7-2.6\tc-0.4,0-4.3,2.2-8.6,1.9c-1.8-0.1-5.1-0.5-6.7-0.4S41.9,19.3,41.9,19.3z\"\/>\n\t<path class=\"elementor-shape-fill\" d=\"M75.5,12.6c0.2,0.1,2-0.8,4.3-1.1c2.3-0.2,2.1-0.3,2.1-0.5c0-0.1-1.8-0.4-3.4,0\tC76.9,11.5,75.3,12.5,75.5,12.6z\"\/>\n\t<path class=\"elementor-shape-fill\" d=\"M15.6,13.2c0-0.1,4.3,0,6.7,0.5c2.4,0.5,5,1.9,5,2c0,0.1-2.7-0.8-5.1-1.4\tC19.9,13.7,15.7,13.3,15.6,13.2z\"\/>\n<\/svg>\t\t<\/div>\n\t\t\t\t\t<div class=\"elementor-container elementor-column-gap-default\">\n\t\t\t\t\t<div class=\"elementor-column elementor-col-66 elementor-top-column elementor-element elementor-element-77b870ae\" data-id=\"77b870ae\" data-element_type=\"column\" data-e-type=\"column\">\n\t\t\t<div class=\"elementor-widget-wrap elementor-element-populated\">\n\t\t\t\t\t\t<div class=\"elementor-element elementor-element-2fab2503 elementor-widget elementor-widget-heading\" data-id=\"2fab2503\" data-element_type=\"widget\" data-e-type=\"widget\" data-widget_type=\"heading.default\">\n\t\t\t\t<div class=\"elementor-widget-container\">\n\t\t\t\t\t<h2 class=\"elementor-heading-title elementor-size-default\">Dokumendid<\/h2>\t\t\t\t<\/div>\n\t\t\t\t<\/div>\n\t\t\t\t<div class=\"elementor-element elementor-element-9cddbd0 elementor-widget elementor-widget-text-editor\" data-id=\"9cddbd0\" data-element_type=\"widget\" data-e-type=\"widget\" data-widget_type=\"text-editor.default\">\n\t\t\t\t<div class=\"elementor-widget-container\">\n\t\t\t\t\t\t\t\t\t<p class=\"zfr3Q CDt4Ke \" dir=\"ltr\"><span class=\"C9DxTc \">Tallinna Laste Turvakeskus osutab oma teenuseid l\u00e4htudes j\u00e4rgmistest dokumentidest, n\u00f5uetest:\u00a0<\/span><\/p><p class=\"zfr3Q CDt4Ke \" dir=\"ltr\"><a class=\"XqQF9c\" href=\"https:\/\/www.riigiteataja.ee\/akt\/428122024023\" target=\"_blank\" rel=\"noopener\"><span class=\"C9DxTc aw5Odc \">Tallinna Laste Turvakeskuse p\u00f5him\u00e4\u00e4rus<\/span><\/a><\/p><p class=\"zfr3Q CDt4Ke \" dir=\"ltr\"><a class=\"XqQF9c\" href=\"https:\/\/www.riigiteataja.ee\/akt\/106012023015?leiaKehtiv\" target=\"_blank\" rel=\"noopener\"><span class=\"C9DxTc aw5Odc \">Lastekaitseseadus<\/span><\/a><\/p><p class=\"zfr3Q CDt4Ke \" dir=\"ltr\"><a class=\"XqQF9c\" href=\"https:\/\/www.riigiteataja.ee\/akt\/130122015005?leiaKehtiv\" target=\"_blank\" rel=\"noopener\"><span class=\"C9DxTc aw5Odc \">Sotsiaalhoolekande seadus<\/span><\/a><\/p><p class=\"zfr3Q CDt4Ke \" dir=\"ltr\"><span class=\"C9DxTc \">T\u00f6\u00f6reeglistik<\/span><\/p><p class=\"zfr3Q CDt4Ke \" dir=\"ltr\"><a class=\"XqQF9c\" href=\"https:\/\/tallinn-my.sharepoint.com\/:b:\/g\/personal\/erika_pytsepp_lasteturva_ee\/EWPJITUH2itLkqg28W1NVjIB3qs5Iz9lejGa86F3szeFhQ?e=Vdllzu\" target=\"_blank\" rel=\"noopener\"><span class=\"C9DxTc aw5Odc \">TLTK j\u00e4lgimisseadmete kasutamise kord<\/span><\/a><span class=\"C9DxTc \">\u00a0ja selle lisa\u00a0<\/span><a class=\"XqQF9c\" href=\"https:\/\/tallinn-my.sharepoint.com\/:b:\/g\/personal\/erika_pytsepp_lasteturva_ee\/ERulw1fFsrZNhanbvm0PVkcBi3aIGmE0asYV4fH3GReMSQ?e=syPAnw\" target=\"_blank\" rel=\"noopener\"><span class=\"C9DxTc aw5Odc \">\u00d5igustatud huvi anal\u00fc\u00fcs<\/span><\/a><span class=\"C9DxTc \">\u00a0<\/span><\/p><p class=\"zfr3Q CDt4Ke \" dir=\"ltr\"><span class=\"C9DxTc \">T\u00f6\u00f6reeglistik<\/span><\/p><p class=\"zfr3Q CDt4Ke \" dir=\"ltr\"><a class=\"XqQF9c\" href=\"https:\/\/tallinn-my.sharepoint.com\/:b:\/g\/personal\/erika_pytsepp_lasteturva_ee\/ESLSKLIhyxVEsfg8OPdLbrgBzvdmFeDuaYQbW86QKkJBUA?e=YEkStf\" target=\"_blank\" rel=\"noopener\"><span class=\"C9DxTc aw5Odc \">Hankeplaan 2025<\/span><\/a><span class=\"C9DxTc \">\u00a0<\/span><\/p><p class=\"zfr3Q CDt4Ke \" dir=\"ltr\"><span class=\"C9DxTc \">N\u00f5mme tee keskuse\u00a0<\/span><\/p><p class=\"zfr3Q CDt4Ke \" dir=\"ltr\"><a class=\"XqQF9c\" href=\"https:\/\/tallinn-my.sharepoint.com\/:b:\/g\/personal\/erika_pytsepp_lasteturva_ee\/EWGA2sLSCytJgRgtPAgvpR4BXE1y9jB22Vc8maOn-Kok6Q?e=sCnln4\" target=\"_blank\" rel=\"noopener\"><span class=\"C9DxTc aw5Odc \">N\u00f5mme tee keskuse kodukord<\/span><span class=\"C9DxTc aw5Odc \">\u00a0<\/span><\/a><span class=\"C9DxTc \">\u00a0<\/span><\/p><p class=\"zfr3Q CDt4Ke \" dir=\"ltr\"><a class=\"XqQF9c\" href=\"https:\/\/tallinn-my.sharepoint.com\/:b:\/g\/personal\/erika_pytsepp_lasteturva_ee\/EaOiOTfDOo5EgrbED1naraABbcQrvQ4nIOOfVyK_K8uPJg?e=akDg7l\" target=\"_blank\" rel=\"noopener\"><span class=\"C9DxTc aw5Odc \">Sekkumiste ja m\u00f5jutusvahendite kasutamisjuhend<\/span><\/a><span class=\"C9DxTc \">\u00a0<\/span><\/p>\t\t\t\t\t\t\t\t<\/div>\n\t\t\t\t<\/div>\n\t\t\t\t\t<\/div>\n\t\t<\/div>\n\t\t\t\t<div class=\"elementor-column elementor-col-33 elementor-top-column elementor-element elementor-element-14c8ec00\" data-id=\"14c8ec00\" data-element_type=\"column\" data-e-type=\"column\">\n\t\t\t<div class=\"elementor-widget-wrap elementor-element-populated\">\n\t\t\t\t\t\t<div class=\"elementor-element elementor-element-650d1567 elementor-widget elementor-widget-image\" data-id=\"650d1567\" data-element_type=\"widget\" data-e-type=\"widget\" data-widget_type=\"image.default\">\n\t\t\t\t<div class=\"elementor-widget-container\">\n\t\t\t\t\t\t\t\t\t\t\t\t\t\t\t<img fetchpriority=\"high\" decoding=\"async\" width=\"1024\" height=\"576\" src=\"https:\/\/www.lasteturva.ee\/wp-content\/uploads\/2025\/08\/pexels-photo-5716001-5716001-1024x576.jpg\" class=\"attachment-large size-large wp-image-1928\" alt=\"Business professionals discussing data charts and graphs in a modern office setting.\" srcset=\"https:\/\/www.lasteturva.ee\/wp-content\/uploads\/2025\/08\/pexels-photo-5716001-5716001-1024x576.jpg 1024w, https:\/\/www.lasteturva.ee\/wp-content\/uploads\/2025\/08\/pexels-photo-5716001-5716001-300x169.jpg 300w, https:\/\/www.lasteturva.ee\/wp-content\/uploads\/2025\/08\/pexels-photo-5716001-5716001-768x432.jpg 768w, https:\/\/www.lasteturva.ee\/wp-content\/uploads\/2025\/08\/pexels-photo-5716001-5716001-1536x864.jpg 1536w, https:\/\/www.lasteturva.ee\/wp-content\/uploads\/2025\/08\/pexels-photo-5716001-5716001-2048x1152.jpg 2048w\" sizes=\"(max-width: 1024px) 100vw, 1024px\" \/>\t\t\t\t\t\t\t\t\t\t\t\t\t\t\t<\/div>\n\t\t\t\t<\/div>\n\t\t\t\t\t<\/div>\n\t\t<\/div>\n\t\t\t\t\t<\/div>\n\t\t<\/section>\n\t\t\t\t<\/div>\n\t\t","protected":false},"excerpt":{"rendered":"<p>Dokumendid Tallinna Laste Turvakeskus osutab oma teenuseid l\u00e4htudes j\u00e4rgmistest dokumentidest, n\u00f5uetest:\u00a0 Tallinna Laste Turvakeskuse p\u00f5him\u00e4\u00e4rus Lastekaitseseadus Sotsiaalhoolekande seadus T\u00f6\u00f6reeglistik TLTK j\u00e4lgimisseadmete kasutamise kord\u00a0ja selle lisa\u00a0\u00d5igustatud huvi anal\u00fc\u00fcs\u00a0 T\u00f6\u00f6reeglistik Hankeplaan 2025\u00a0 N\u00f5mme tee keskuse\u00a0 N\u00f5mme tee keskuse kodukord\u00a0\u00a0 Sekkumiste ja m\u00f5jutusvahendite kasutamisjuhend\u00a0<\/p>\n","protected":false},"author":1,"featured_media":0,"parent":0,"menu_order":0,"comment_status":"closed","ping_status":"closed","template":"","meta":{"_uag_custom_page_level_css":"","site-sidebar-layout":"no-sidebar","site-content-layout":"page-builder","ast-site-content-layout":"full-width-container","site-content-style":"default","site-sidebar-style":"default","ast-global-header-display":"","ast-banner-title-visibility":"","ast-main-header-display":"","ast-hfb-above-header-display":"","ast-hfb-below-header-display":"","ast-hfb-mobile-header-display":"","site-post-title":"disabled","ast-breadcrumbs-content":"","ast-featured-img":"disabled","footer-sml-layout":"","ast-disable-related-posts":"","theme-transparent-header-meta":"","adv-header-id-meta":"","stick-header-meta":"","header-above-stick-meta":"","header-main-stick-meta":"","header-below-stick-meta":"","astra-migrate-meta-layouts":"set","ast-page-background-enabled":"default","ast-page-background-meta":{"desktop":{"background-color":"var(--ast-global-color-4)","background-image":"","background-repeat":"repeat","background-position":"center center","background-size":"auto","background-attachment":"scroll","background-type":"","background-media":"","overlay-type":"","overlay-color":"","overlay-opacity":"","overlay-gradient":""},"tablet":{"background-color":"","background-image":"","background-repeat":"repeat","background-position":"center center","background-size":"auto","background-attachment":"scroll","background-type":"","background-media":"","overlay-type":"","overlay-color":"","overlay-opacity":"","overlay-gradient":""},"mobile":{"background-color":"","background-image":"","background-repeat":"repeat","background-position":"center center","background-size":"auto","background-attachment":"scroll","background-type":"","background-media":"","overlay-type":"","overlay-color":"","overlay-opacity":"","overlay-gradient":""}},"ast-content-background-meta":{"desktop":{"background-color":"var(--ast-global-color-5)","background-image":"","background-repeat":"repeat","background-position":"center center","background-size":"auto","background-attachment":"scroll","background-type":"","background-media":"","overlay-type":"","overlay-color":"","overlay-opacity":"","overlay-gradient":""},"tablet":{"background-color":"var(--ast-global-color-5)","background-image":"","background-repeat":"repeat","background-position":"center center","background-size":"auto","background-attachment":"scroll","background-type":"","background-media":"","overlay-type":"","overlay-color":"","overlay-opacity":"","overlay-gradient":""},"mobile":{"background-color":"var(--ast-global-color-5)","background-image":"","background-repeat":"repeat","background-position":"center center","background-size":"auto","background-attachment":"scroll","background-type":"","background-media":"","overlay-type":"","overlay-color":"","overlay-opacity":"","overlay-gradient":""}},"footnotes":""},"class_list":["post-1793","page","type-page","status-publish","hentry"],"yoast_head":"<!-- This site is optimized with the Yoast SEO plugin v27.4 - https:\/\/yoast.com\/product\/yoast-seo-wordpress\/ -->\n<title>Dokumendid - Tallinna Laste Turvakeskus<\/title>\n<meta name=\"robots\" content=\"index, follow, max-snippet:-1, max-image-preview:large, max-video-preview:-1\" \/>\n<link rel=\"canonical\" href=\"https:\/\/lasteturva.ee\/?page_id=1793\" \/>\n<meta property=\"og:locale\" content=\"et_EE\" \/>\n<meta property=\"og:type\" content=\"article\" \/>\n<meta property=\"og:title\" content=\"Dokumendid - Tallinna Laste Turvakeskus\" \/>\n<meta property=\"og:description\" content=\"Dokumendid Tallinna Laste Turvakeskus osutab oma teenuseid l\u00e4htudes j\u00e4rgmistest dokumentidest, n\u00f5uetest:\u00a0 Tallinna Laste Turvakeskuse p\u00f5him\u00e4\u00e4rus Lastekaitseseadus Sotsiaalhoolekande seadus T\u00f6\u00f6reeglistik TLTK j\u00e4lgimisseadmete kasutamise kord\u00a0ja selle lisa\u00a0\u00d5igustatud huvi anal\u00fc\u00fcs\u00a0 T\u00f6\u00f6reeglistik Hankeplaan 2025\u00a0 N\u00f5mme tee keskuse\u00a0 N\u00f5mme tee keskuse kodukord\u00a0\u00a0 Sekkumiste ja m\u00f5jutusvahendite kasutamisjuhend\u00a0\" \/>\n<meta property=\"og:url\" content=\"https:\/\/lasteturva.ee\/?page_id=1793\" \/>\n<meta property=\"og:site_name\" content=\"Tallinna Laste Turvakeskus\" \/>\n<meta property=\"article:publisher\" content=\"https:\/\/www.facebook.com\/turvakeskus\" \/>\n<meta property=\"article:modified_time\" content=\"2025-08-21T12:33:57+00:00\" \/>\n<meta property=\"og:image\" content=\"http:\/\/lasteturva.ee\/wp-content\/uploads\/2025\/08\/pexels-photo-5716001-5716001-1024x576.jpg\" \/>\n<meta name=\"twitter:card\" content=\"summary_large_image\" \/>\n<script type=\"application\/ld+json\" class=\"yoast-schema-graph\">{\"@context\":\"https:\\\/\\\/schema.org\",\"@graph\":[{\"@type\":\"WebPage\",\"@id\":\"https:\\\/\\\/lasteturva.ee\\\/?page_id=1793\",\"url\":\"https:\\\/\\\/lasteturva.ee\\\/?page_id=1793\",\"name\":\"Dokumendid - Tallinna Laste Turvakeskus\",\"isPartOf\":{\"@id\":\"https:\\\/\\\/lasteturva.ee\\\/#website\"},\"primaryImageOfPage\":{\"@id\":\"https:\\\/\\\/lasteturva.ee\\\/?page_id=1793#primaryimage\"},\"image\":{\"@id\":\"https:\\\/\\\/lasteturva.ee\\\/?page_id=1793#primaryimage\"},\"thumbnailUrl\":\"http:\\\/\\\/lasteturva.ee\\\/wp-content\\\/uploads\\\/2025\\\/08\\\/pexels-photo-5716001-5716001-1024x576.jpg\",\"datePublished\":\"2025-08-05T08:44:52+00:00\",\"dateModified\":\"2025-08-21T12:33:57+00:00\",\"breadcrumb\":{\"@id\":\"https:\\\/\\\/lasteturva.ee\\\/?page_id=1793#breadcrumb\"},\"inLanguage\":\"et\",\"potentialAction\":[{\"@type\":\"ReadAction\",\"target\":[\"https:\\\/\\\/lasteturva.ee\\\/?page_id=1793\"]}]},{\"@type\":\"ImageObject\",\"inLanguage\":\"et\",\"@id\":\"https:\\\/\\\/lasteturva.ee\\\/?page_id=1793#primaryimage\",\"url\":\"http:\\\/\\\/lasteturva.ee\\\/wp-content\\\/uploads\\\/2025\\\/08\\\/pexels-photo-5716001-5716001-1024x576.jpg\",\"contentUrl\":\"http:\\\/\\\/lasteturva.ee\\\/wp-content\\\/uploads\\\/2025\\\/08\\\/pexels-photo-5716001-5716001-1024x576.jpg\"},{\"@type\":\"BreadcrumbList\",\"@id\":\"https:\\\/\\\/lasteturva.ee\\\/?page_id=1793#breadcrumb\",\"itemListElement\":[{\"@type\":\"ListItem\",\"position\":1,\"name\":\"Home\",\"item\":\"https:\\\/\\\/lasteturva.ee\\\/\"},{\"@type\":\"ListItem\",\"position\":2,\"name\":\"Dokumendid\"}]},{\"@type\":\"WebSite\",\"@id\":\"https:\\\/\\\/lasteturva.ee\\\/#website\",\"url\":\"https:\\\/\\\/lasteturva.ee\\\/\",\"name\":\"Lasteturva.ee\",\"description\":\"Turvaline kasvukeskkond igale lapsele \",\"publisher\":{\"@id\":\"https:\\\/\\\/lasteturva.ee\\\/#organization\"},\"potentialAction\":[{\"@type\":\"SearchAction\",\"target\":{\"@type\":\"EntryPoint\",\"urlTemplate\":\"https:\\\/\\\/lasteturva.ee\\\/?s={search_term_string}\"},\"query-input\":{\"@type\":\"PropertyValueSpecification\",\"valueRequired\":true,\"valueName\":\"search_term_string\"}}],\"inLanguage\":\"et\"},{\"@type\":\"Organization\",\"@id\":\"https:\\\/\\\/lasteturva.ee\\\/#organization\",\"name\":\"Tallinna Laste Turvakeskus\",\"url\":\"https:\\\/\\\/lasteturva.ee\\\/\",\"logo\":{\"@type\":\"ImageObject\",\"inLanguage\":\"et\",\"@id\":\"https:\\\/\\\/lasteturva.ee\\\/#\\\/schema\\\/logo\\\/image\\\/\",\"url\":\"https:\\\/\\\/www.lasteturva.ee\\\/wp-content\\\/uploads\\\/2025\\\/06\\\/Tallinna_Laste_Turvakeskus_Logo_VECTOR_labipaistev_taust-1.png\",\"contentUrl\":\"https:\\\/\\\/www.lasteturva.ee\\\/wp-content\\\/uploads\\\/2025\\\/06\\\/Tallinna_Laste_Turvakeskus_Logo_VECTOR_labipaistev_taust-1.png\",\"width\":415,\"height\":424,\"caption\":\"Tallinna Laste Turvakeskus\"},\"image\":{\"@id\":\"https:\\\/\\\/lasteturva.ee\\\/#\\\/schema\\\/logo\\\/image\\\/\"},\"sameAs\":[\"https:\\\/\\\/www.facebook.com\\\/turvakeskus\"]}]}<\/script>\n<!-- \/ Yoast SEO plugin. -->","yoast_head_json":{"title":"Dokumendid - Tallinna Laste Turvakeskus","robots":{"index":"index","follow":"follow","max-snippet":"max-snippet:-1","max-image-preview":"max-image-preview:large","max-video-preview":"max-video-preview:-1"},"canonical":"https:\/\/lasteturva.ee\/?page_id=1793","og_locale":"et_EE","og_type":"article","og_title":"Dokumendid - Tallinna Laste Turvakeskus","og_description":"Dokumendid Tallinna Laste Turvakeskus osutab oma teenuseid l\u00e4htudes j\u00e4rgmistest dokumentidest, n\u00f5uetest:\u00a0 Tallinna Laste Turvakeskuse p\u00f5him\u00e4\u00e4rus Lastekaitseseadus Sotsiaalhoolekande seadus T\u00f6\u00f6reeglistik TLTK j\u00e4lgimisseadmete kasutamise kord\u00a0ja selle lisa\u00a0\u00d5igustatud huvi anal\u00fc\u00fcs\u00a0 T\u00f6\u00f6reeglistik Hankeplaan 2025\u00a0 N\u00f5mme tee keskuse\u00a0 N\u00f5mme tee keskuse kodukord\u00a0\u00a0 Sekkumiste ja m\u00f5jutusvahendite kasutamisjuhend\u00a0","og_url":"https:\/\/lasteturva.ee\/?page_id=1793","og_site_name":"Tallinna Laste Turvakeskus","article_publisher":"https:\/\/www.facebook.com\/turvakeskus","article_modified_time":"2025-08-21T12:33:57+00:00","og_image":[{"url":"http:\/\/lasteturva.ee\/wp-content\/uploads\/2025\/08\/pexels-photo-5716001-5716001-1024x576.jpg","type":"","width":"","height":""}],"twitter_card":"summary_large_image","schema":{"@context":"https:\/\/schema.org","@graph":[{"@type":"WebPage","@id":"https:\/\/lasteturva.ee\/?page_id=1793","url":"https:\/\/lasteturva.ee\/?page_id=1793","name":"Dokumendid - Tallinna Laste Turvakeskus","isPartOf":{"@id":"https:\/\/lasteturva.ee\/#website"},"primaryImageOfPage":{"@id":"https:\/\/lasteturva.ee\/?page_id=1793#primaryimage"},"image":{"@id":"https:\/\/lasteturva.ee\/?page_id=1793#primaryimage"},"thumbnailUrl":"http:\/\/lasteturva.ee\/wp-content\/uploads\/2025\/08\/pexels-photo-5716001-5716001-1024x576.jpg","datePublished":"2025-08-05T08:44:52+00:00","dateModified":"2025-08-21T12:33:57+00:00","breadcrumb":{"@id":"https:\/\/lasteturva.ee\/?page_id=1793#breadcrumb"},"inLanguage":"et","potentialAction":[{"@type":"ReadAction","target":["https:\/\/lasteturva.ee\/?page_id=1793"]}]},{"@type":"ImageObject","inLanguage":"et","@id":"https:\/\/lasteturva.ee\/?page_id=1793#primaryimage","url":"http:\/\/lasteturva.ee\/wp-content\/uploads\/2025\/08\/pexels-photo-5716001-5716001-1024x576.jpg","contentUrl":"http:\/\/lasteturva.ee\/wp-content\/uploads\/2025\/08\/pexels-photo-5716001-5716001-1024x576.jpg"},{"@type":"BreadcrumbList","@id":"https:\/\/lasteturva.ee\/?page_id=1793#breadcrumb","itemListElement":[{"@type":"ListItem","position":1,"name":"Home","item":"https:\/\/lasteturva.ee\/"},{"@type":"ListItem","position":2,"name":"Dokumendid"}]},{"@type":"WebSite","@id":"https:\/\/lasteturva.ee\/#website","url":"https:\/\/lasteturva.ee\/","name":"Lasteturva.ee","description":"Turvaline kasvukeskkond igale lapsele ","publisher":{"@id":"https:\/\/lasteturva.ee\/#organization"},"potentialAction":[{"@type":"SearchAction","target":{"@type":"EntryPoint","urlTemplate":"https:\/\/lasteturva.ee\/?s={search_term_string}"},"query-input":{"@type":"PropertyValueSpecification","valueRequired":true,"valueName":"search_term_string"}}],"inLanguage":"et"},{"@type":"Organization","@id":"https:\/\/lasteturva.ee\/#organization","name":"Tallinna Laste Turvakeskus","url":"https:\/\/lasteturva.ee\/","logo":{"@type":"ImageObject","inLanguage":"et","@id":"https:\/\/lasteturva.ee\/#\/schema\/logo\/image\/","url":"https:\/\/www.lasteturva.ee\/wp-content\/uploads\/2025\/06\/Tallinna_Laste_Turvakeskus_Logo_VECTOR_labipaistev_taust-1.png","contentUrl":"https:\/\/www.lasteturva.ee\/wp-content\/uploads\/2025\/06\/Tallinna_Laste_Turvakeskus_Logo_VECTOR_labipaistev_taust-1.png","width":415,"height":424,"caption":"Tallinna Laste Turvakeskus"},"image":{"@id":"https:\/\/lasteturva.ee\/#\/schema\/logo\/image\/"},"sameAs":["https:\/\/www.facebook.com\/turvakeskus"]}]}},"uagb_featured_image_src":{"full":false,"thumbnail":false,"medium":false,"medium_large":false,"large":false,"1536x1536":false,"2048x2048":false},"uagb_author_info":{"display_name":"Lasteturva","author_link":"https:\/\/lasteturva.ee\/?author=1"},"uagb_comment_info":0,"uagb_excerpt":"Dokumendid Tallinna Laste Turvakeskus osutab oma teenuseid l\u00e4htudes j\u00e4rgmistest dokumentidest, n\u00f5uetest:\u00a0 Tallinna Laste Turvakeskuse p\u00f5him\u00e4\u00e4rus Lastekaitseseadus Sotsiaalhoolekande seadus T\u00f6\u00f6reeglistik TLTK j\u00e4lgimisseadmete kasutamise kord\u00a0ja selle lisa\u00a0\u00d5igustatud huvi anal\u00fc\u00fcs\u00a0 T\u00f6\u00f6reeglistik Hankeplaan 2025\u00a0 N\u00f5mme tee keskuse\u00a0 N\u00f5mme tee keskuse kodukord\u00a0\u00a0 Sekkumiste ja m\u00f5jutusvahendite kasutamisjuhend\u00a0","_links":{"self":[{"href":"https:\/\/lasteturva.ee\/index.php?rest_route=\/wp\/v2\/pages\/1793","targetHints":{"allow":["GET"]}}],"collection":[{"href":"https:\/\/lasteturva.ee\/index.php?rest_route=\/wp\/v2\/pages"}],"about":[{"href":"https:\/\/lasteturva.ee\/index.php?rest_route=\/wp\/v2\/types\/page"}],"author":[{"embeddable":true,"href":"https:\/\/lasteturva.ee\/index.php?rest_route=\/wp\/v2\/users\/1"}],"replies":[{"embeddable":true,"href":"https:\/\/lasteturva.ee\/index.php?rest_route=%2Fwp%2Fv2%2Fcomments&post=1793"}],"version-history":[{"count":5,"href":"https:\/\/lasteturva.ee\/index.php?rest_route=\/wp\/v2\/pages\/1793\/revisions"}],"predecessor-version":[{"id":2769,"href":"https:\/\/lasteturva.ee\/index.php?rest_route=\/wp\/v2\/pages\/1793\/revisions\/2769"}],"wp:attachment":[{"href":"https:\/\/lasteturva.ee\/index.php?rest_route=%2Fwp%2Fv2%2Fmedia&parent=1793"}],"curies":[{"name":"wp","href":"https:\/\/api.w.org\/{rel}","templated":true}]}}